{"id":67,"date":"2019-11-14T09:33:03","date_gmt":"2019-11-14T08:33:03","guid":{"rendered":"https:\/\/aeca.archimadrid.es\/?page_id=67"},"modified":"2025-09-05T11:02:01","modified_gmt":"2025-09-05T09:02:01","slug":"junta-directiva","status":"publish","type":"page","link":"https:\/\/aeca-catequetas.es\/index.php\/junta-directiva\/","title":{"rendered":"Consejo directivo"},"content":{"rendered":"<p>[et_pb_section fb_built=\u00bb1&#8243; _builder_version=\u00bb4.24.2&#8243; _module_preset=\u00bbdefault\u00bb global_colors_info=\u00bb{}\u00bb][et_pb_row _builder_version=\u00bb4.24.2&#8243; _module_preset=\u00bbdefault\u00bb global_colors_info=\u00bb{}\u00bb][et_pb_column type=\u00bb4_4&#8243; _builder_version=\u00bb4.24.2&#8243; _module_preset=\u00bbdefault\u00bb global_colors_info=\u00bb{}\u00bb][et_pb_team_member name=\u00bbJos\u00e9 Mar\u00eda P\u00e9rez Navarro\u00bb position=\u00bbPresidente\u00bb image_url=\u00bbhttps:\/\/aeca-catequetas.es\/wp-content\/uploads\/2025\/09\/IMG20241207123503-scaled.jpg\u00bb admin_label=\u00bbPersona\u00bb _builder_version=\u00bb4.27.4&#8243; _module_preset=\u00bbdefault\u00bb global_colors_info=\u00bb{}\u00bb]<\/p>\n<p>Teruel (1965), es hermano de las Escuelas Cristianas (La Salle), doctor en Teolog\u00eda catequ\u00e9tica por la Universidad Salesiana de Roma. Durante muchos a\u00f1os fue responsable de formaci\u00f3n sobre el carisma y la espiritualidad lasaliana en el Distrito La Salle de Espa\u00f1a y Portugal. Ha sido director del Instituto Superior de Ciencias Religiosas y Catequ\u00e9ticas San P\u00edo X de Madrid donde imparte las asignaturas de Catequ\u00e9tica fundamental e Historia de la catequesis. Es director de la Revista de Pedagog\u00eda Religiosa \u00abSinite\u00bb. Tambi\u00e9n imparte su docencia en el Centro Universitario La Salle de Aravaca-Madrid.<\/p>\n<p>[\/et_pb_team_member][et_pb_team_member name=\u00bbMiguel L\u00f3pez Varela\u00bb position=\u00bbVicepresidente\u00bb image_url=\u00bbhttps:\/\/aeca-catequetas.es\/wp-content\/uploads\/2025\/09\/IMG20241207123632-scaled.jpg\u00bb _builder_version=\u00bb4.27.4&#8243; _module_preset=\u00bbdefault\u00bb global_colors_info=\u00bb{}\u00bb]<\/p>\n<p>Culleredo, A Coru\u00f1a (1980), es sacerdote de la di\u00f3cesis de Santiago de Compostela, licenciado en Teolog\u00eda Fundamental por la Universidad Pontificia de Salamanca y en Catequ\u00e9tica y evangelizaci\u00f3n por la Pontificia Universidad de Roma; doctor en Teolog\u00eda Catequ\u00e9tica y Pastoral Juvenil por la misma. Compagina la actividad pastoral como p\u00e1rroco y Delegado para la Catequesis y el Catecumenado en su Di\u00f3cesis, con la actividad docente como profesor en la Universidad Pontificia de Salamanca, el Instituto Teol\u00f3gico Compostelano y la Universidad Cat\u00f3lica de Valencia. Es miembro del Equipo Europeo de Catequesis y de los consejos de redacci\u00f3n de las Revistas \u201cCatechetica ed Educazione\u201d y \u201cTeolog\u00eda y Catequesis\u201d. Sus campos de estudio e investigaci\u00f3n son la evangelizaci\u00f3n, la catequesis, la iniciaci\u00f3n cristiana, el catecumenado y la pastoral juvenil.<\/p>\n<p>[\/et_pb_team_member][et_pb_team_member name=\u00bbSantiago Garc\u00eda Mourelo\u00bb position=\u00bbAdministrador\u00bb image_url=\u00bbhttps:\/\/aeca-catequetas.es\/wp-content\/uploads\/2025\/09\/IMG20241207123536-scaled.jpg\u00bb _builder_version=\u00bb4.27.4&#8243; _module_preset=\u00bbdefault\u00bb global_colors_info=\u00bb{}\u00bb]<\/p>\n<p>Madrid (1978), es salesiano sacerdote y doctor en Teolog\u00eda Dogm\u00e1tica-Fundamental por la Universidad Pontificia Comillas (Madrid), donde es docente desde el a\u00f1o 2015. Aparte de la producci\u00f3n acad\u00e9mica centrada en su especialidad, trabaja pastoralmente con j\u00f3venes y adultos en diversos \u00e1mbitos, y es autor de art\u00edculos y libros sobre pastoral juvenil. Actualmente, es director de la revista\u00a0<em style=\"font-weight: inherit;\">Catequistas<\/em>, miembro del Consejo de redacci\u00f3n de la revista\u00a0<em style=\"font-weight: inherit;\">Misi\u00f3n Joven<\/em>, del Centro Nacional Salesiano de Pastoral Juvenil (CNSPJ) y del Equipo de expertos de la Archidi\u00f3cesis de Madrid.<\/p>\n<p>[\/et_pb_team_member][et_pb_team_member name=\u00bbF Javier N\u00fa\u00f1ez Fontiveros\u00bb position=\u00bbSecretario\u00bb image_url=\u00bbhttps:\/\/aeca-catequetas.es\/wp-content\/uploads\/2025\/09\/IMG20241207123514-scaled.jpg\u00bb _builder_version=\u00bb4.27.4&#8243; _module_preset=\u00bbdefault\u00bb hover_enabled=\u00bb0&#8243; global_colors_info=\u00bb{}\u00bb sticky_enabled=\u00bb0&#8243;]<\/p>\n<p>Tarragona (1970), es hermano de las Escuelas Cristianas (La Salle), licenciado en Teolog\u00eda catequ\u00e9tica y pr\u00e1ctica por el ISPC-Theologicum del Institut Catholique de Paris, licenciado en Geograf\u00eda e Historia por la Universitat Rovira i Virgili (Tarragona). Profesor de Primer anuncio en el Instituto Superior de Ciencias Religiosas y Catequ\u00e9ticas \u00abSan P\u00edo X\u00bb. Docente en la Facultad de Educaci\u00f3n y Ciencias Sociales del Centro Universitario La Salle de Aravaca-Madrid. Profesor, tutor, coordinador de pastoral y directivo en Escuelas de La Salle (1998-2014). Educador social en Fundaci\u00f3 Comtal &#8211; La Salle (2021-22). Delegado de Pastoral de la Red de Centros Educativos La Salle en Catalu\u00f1a (2014-2019). Miembro del Equipo Europeo de Catequesis y del Consejo de redacci\u00f3n de la Revista de Pedagog\u00eda Religiosa \u00abSinite\u00bb.<\/p>\n<p>[\/et_pb_team_member][et_pb_team_member name=\u00bbMar\u00eda Dolores Ros de la Iglesia\u00bb position=\u00bbVocal\u00bb image_url=\u00bbhttps:\/\/aeca-catequetas.es\/wp-content\/uploads\/2025\/09\/IMG20241207123433-scaled.jpg\u00bb _builder_version=\u00bb4.27.4&#8243; _module_preset=\u00bbdefault\u00bb global_colors_info=\u00bb{}\u00bb]<\/p>\n<p>Zaragoza (1954) laica, licenciada en Medicina por la Universidad de Zaragoza y licenciada en Teolog\u00eda catequ\u00e9tica por la Universidad de San D\u00e1maso. Ha sido profesora en el Instituto de Ciencias Religiosas Nuestra Se\u00f1ora del Pilar de Zaragoza. Ha trabajado en la Delegaci\u00f3n de Catequesis de la Di\u00f3cesis de Zaragoza. Actualmente coordina el catecumenado bautismal de la Di\u00f3cesis de Zaragoza.<\/p>\n<p>[\/et_pb_team_member][\/et_pb_column][\/et_pb_row][\/et_pb_section]<\/p>\n","protected":false},"excerpt":{"rendered":"<p>Teruel (1965), es hermano de las Escuelas Cristianas (La Salle), doctor en Teolog\u00eda catequ\u00e9tica por la Universidad Salesiana de Roma. Durante muchos a\u00f1os fue responsable de formaci\u00f3n sobre el carisma y la espiritualidad lasaliana en el Distrito La Salle de Espa\u00f1a y Portugal. Ha sido director del Instituto Superior de Ciencias Religiosas y Catequ\u00e9ticas San [&hellip;]<\/p>\n","protected":false},"author":2,"featured_media":0,"parent":0,"menu_order":0,"comment_status":"closed","ping_status":"closed","template":"","meta":{"_et_pb_use_builder":"on","_et_pb_old_content":"<p><strong><img class=\" wp-image-181 alignleft\" src=\"https:\/\/aeca-catequetas.es\/wp-content\/uploads\/2019\/11\/Carvajal-2-225x300.jpg\" alt=\"\" width=\"128\" height=\"170\" \/>Presidente:<\/strong> Juan Carlos Carvajal Blanco.\u00a0<\/p>\r\n<p>Juan Carlos Carvajal Blanco (Carriches, Toledo, 1961) es sacerdote de la di\u00f3cesis de Madrid, licenciado en Teolog\u00eda catequ\u00e9tica por la Universidad de San D\u00e1maso y doctor en Teolog\u00eda sistem\u00e1tica por la Universidad Pontificia de Salamanca. Director del Departamento de Evangelizaci\u00f3n y Catequesis de la Facultad de Teolog\u00eda San D\u00e1maso. Es autor de varios libros y de m\u00faltiples art\u00edculos en revistas especializadas. Miembro del Equipo de Expertos de la Delegaci\u00f3n Episcopal de Catequesis de la Archidi\u00f3cesis de Madrid.<\/p>\r\n<p>\u00a0<\/p>\r\n<p><img class=\" wp-image-1207 alignleft\" src=\"https:\/\/aeca-catequetas.es\/wp-content\/uploads\/2024\/02\/josemariaperez-252x300.jpg\" alt=\"\" width=\"129\" height=\"153\" \/><\/p>\r\n<p><strong>Vicepresidente<\/strong>: Jos\u00e9 Mar\u00eda P\u00e9rez Navarro<\/p>\r\n<p>\u00a0Teruel (1965). Hermano de la Salle. Doctor en Teolog\u00eda, especialidad catequetica. Director del <em>Instituto de Ciencias Religiosas y catequ\u00e9ticas San P\u00edo X de Madrid<\/em>. Profesor de Catequ\u00e9tica fundamental y Primera evangelizaci\u00f3n en dicho Instituto. Miembro del consejo directivo del Equipo Europeo de Catequesis. Fue presidente de AECA (Asociaci\u00f3n Espa\u00f1ola de Catequetas) de 2012 a 2017. Es el director de la revista de pedagog\u00eda religiosa\u00a0<em>Sinite<\/em><\/p>\r\n<p>\u00a0<\/p>\r\n<p><strong><img class=\"wp-image-136 alignleft\" src=\"https:\/\/aeca-catequetas.es\/wp-content\/uploads\/2019\/11\/ManuelMBru-300x300.jpg\" alt=\"\" width=\"159\" height=\"159\" \/>Tesorero:<\/strong> Manuel Mar\u00eda Bru Alonso.<\/p>\r\n<p>Madrid (1963). Sacerdote diocesano de Madrid. Licenciado y Doctor en Humanidades y Ciencias de la Comunicaci\u00f3n por la Universidad CEU San Pablo. Presidente de la Fundaci\u00f3n Cr\u00f3nica Blanca. Delegado Episcopal de Catequesis de la Archidi\u00f3cesis de Madrid. Profesor en la Facultad de Humanidades y Ciencias de la Comunicaci\u00f3n de la Universidad San Pablo CEU, Facultad de Teolog\u00eda de la Universidad San D\u00e1maso, Instituto de Pastoral de la Universidad Pontificia de Salamanca en Madrid, e Instituto San P\u00edo X de Ciencias Religiosas de la misma universidad. Autor de varios libros de tem\u00e1tica period\u00edstica y pastoral.<\/p>\r\n<p>\u00a0<\/p>\r\n<p><strong><img class=\" wp-image-1206 alignleft\" src=\"https:\/\/aeca-catequetas.es\/wp-content\/uploads\/2024\/02\/articulos-237093-1-264x300.jpg\" alt=\"\" width=\"150\" height=\"171\" \/>Secretario:<\/strong>\u00a0Santiago Garc\u00eda Mourelo<\/p>\r\n<p>Madrid (1978), es salesiano sacerdote y doctor en Teolog\u00eda Dogm\u00e1tica-Fundamental por la Universidad Pontificia Comillas (Madrid), donde es docente desde el a\u00f1o 2015. Aparte de la producci\u00f3n acad\u00e9mica centrada en su especialidad, trabaja pastoralmente con j\u00f3venes y adultos en diversos \u00e1mbitos, y es autor de art\u00edculos y libros sobre pastoral juvenil. Actualmente, es director de la revista <em>Catequistas<\/em>, miembro del Consejo de redacci\u00f3n de la revista <em>Misi\u00f3n Joven<\/em>, del Centro Nacional Salesiano de Pastoral Juvenil (CNSPJ), del Consejo directivo de la Asociaci\u00f3n Espa\u00f1ola de Catequetas (AECA) y del Equipo de expertos de la Archidi\u00f3cesis de Madrid.<\/p>\r\n<p><strong><img class=\" wp-image-1205 alignleft\" src=\"https:\/\/aeca-catequetas.es\/wp-content\/uploads\/2024\/02\/Captura-de-pantalla-2024-02-21-190549-219x300.png\" alt=\"\" width=\"117\" height=\"160\" \/><\/strong><\/p>\r\n<p>\u00a0<\/p>\r\n<p><strong>Vocal<\/strong>: Pelayo Gonz\u00e1lez Ib\u00e1\u00f1ez . Sacerdote diocesano, p\u00e1rroco y doctor en Pastoral catequ\u00e9tica por la Universidad Pontificia Salesiana (Roma). Delegado de Catequesis de la di\u00f3cesis de <em>Palencia.<\/em><\/p>\r\n<p>\u00a0<\/p>\r\n<p>\u00a0<\/p>\r\n<p>\u00a0<\/p>\r\n<!-- wp:divi\/placeholder \/-->","_et_gb_content_width":"","footnotes":""},"class_list":["post-67","page","type-page","status-publish","hentry"],"yoast_head":"<!-- This site is optimized with the Yoast SEO plugin v27.4 - https:\/\/yoast.com\/product\/yoast-seo-wordpress\/ -->\n<title>Consejo directivo - Asociaci\u00f3n Espa\u00f1ola de Catequetas<\/title>\n<meta name=\"robots\" content=\"index, follow, max-snippet:-1, max-image-preview:large, max-video-preview:-1\" \/>\n<link rel=\"canonical\" href=\"https:\/\/aeca-catequetas.es\/index.php\/junta-directiva\/\" \/>\n<meta property=\"og:locale\" content=\"es_ES\" \/>\n<meta property=\"og:type\" content=\"article\" \/>\n<meta property=\"og:title\" content=\"Consejo directivo - Asociaci\u00f3n Espa\u00f1ola de Catequetas\" \/>\n<meta property=\"og:description\" content=\"Teruel (1965), es hermano de las Escuelas Cristianas (La Salle), doctor en Teolog\u00eda catequ\u00e9tica por la Universidad Salesiana de Roma. Durante muchos a\u00f1os fue responsable de formaci\u00f3n sobre el carisma y la espiritualidad lasaliana en el Distrito La Salle de Espa\u00f1a y Portugal. Ha sido director del Instituto Superior de Ciencias Religiosas y Catequ\u00e9ticas San [&hellip;]\" \/>\n<meta property=\"og:url\" content=\"https:\/\/aeca-catequetas.es\/index.php\/junta-directiva\/\" \/>\n<meta property=\"og:site_name\" content=\"Asociaci\u00f3n Espa\u00f1ola de Catequetas\" \/>\n<meta property=\"article:modified_time\" content=\"2025-09-05T09:02:01+00:00\" \/>\n<meta name=\"twitter:card\" content=\"summary_large_image\" \/>\n<meta name=\"twitter:label1\" content=\"Tiempo de lectura\" \/>\n\t<meta name=\"twitter:data1\" content=\"4 minutos\" \/>\n<script type=\"application\/ld+json\" class=\"yoast-schema-graph\">{\"@context\":\"https:\\\/\\\/schema.org\",\"@graph\":[{\"@type\":\"WebPage\",\"@id\":\"https:\\\/\\\/aeca-catequetas.es\\\/index.php\\\/junta-directiva\\\/\",\"url\":\"https:\\\/\\\/aeca-catequetas.es\\\/index.php\\\/junta-directiva\\\/\",\"name\":\"Consejo directivo - Asociaci\u00f3n Espa\u00f1ola de Catequetas\",\"isPartOf\":{\"@id\":\"https:\\\/\\\/aeca-catequetas.es\\\/#website\"},\"datePublished\":\"2019-11-14T08:33:03+00:00\",\"dateModified\":\"2025-09-05T09:02:01+00:00\",\"breadcrumb\":{\"@id\":\"https:\\\/\\\/aeca-catequetas.es\\\/index.php\\\/junta-directiva\\\/#breadcrumb\"},\"inLanguage\":\"es\",\"potentialAction\":[{\"@type\":\"ReadAction\",\"target\":[\"https:\\\/\\\/aeca-catequetas.es\\\/index.php\\\/junta-directiva\\\/\"]}]},{\"@type\":\"BreadcrumbList\",\"@id\":\"https:\\\/\\\/aeca-catequetas.es\\\/index.php\\\/junta-directiva\\\/#breadcrumb\",\"itemListElement\":[{\"@type\":\"ListItem\",\"position\":1,\"name\":\"Home\",\"item\":\"https:\\\/\\\/aeca-catequetas.es\\\/\"},{\"@type\":\"ListItem\",\"position\":2,\"name\":\"Consejo directivo\"}]},{\"@type\":\"WebSite\",\"@id\":\"https:\\\/\\\/aeca-catequetas.es\\\/#website\",\"url\":\"https:\\\/\\\/aeca-catequetas.es\\\/\",\"name\":\"Asociaci\u00f3n Espa\u00f1ola de Catequetas\",\"description\":\"Asociaci\u00f3n Espa\u00f1ola de Catequetas\",\"potentialAction\":[{\"@type\":\"SearchAction\",\"target\":{\"@type\":\"EntryPoint\",\"urlTemplate\":\"https:\\\/\\\/aeca-catequetas.es\\\/?s={search_term_string}\"},\"query-input\":{\"@type\":\"PropertyValueSpecification\",\"valueRequired\":true,\"valueName\":\"search_term_string\"}}],\"inLanguage\":\"es\"}]}<\/script>\n<!-- \/ Yoast SEO plugin. -->","yoast_head_json":{"title":"Consejo directivo - Asociaci\u00f3n Espa\u00f1ola de Catequetas","robots":{"index":"index","follow":"follow","max-snippet":"max-snippet:-1","max-image-preview":"max-image-preview:large","max-video-preview":"max-video-preview:-1"},"canonical":"https:\/\/aeca-catequetas.es\/index.php\/junta-directiva\/","og_locale":"es_ES","og_type":"article","og_title":"Consejo directivo - Asociaci\u00f3n Espa\u00f1ola de Catequetas","og_description":"Teruel (1965), es hermano de las Escuelas Cristianas (La Salle), doctor en Teolog\u00eda catequ\u00e9tica por la Universidad Salesiana de Roma. Durante muchos a\u00f1os fue responsable de formaci\u00f3n sobre el carisma y la espiritualidad lasaliana en el Distrito La Salle de Espa\u00f1a y Portugal. Ha sido director del Instituto Superior de Ciencias Religiosas y Catequ\u00e9ticas San [&hellip;]","og_url":"https:\/\/aeca-catequetas.es\/index.php\/junta-directiva\/","og_site_name":"Asociaci\u00f3n Espa\u00f1ola de Catequetas","article_modified_time":"2025-09-05T09:02:01+00:00","twitter_card":"summary_large_image","twitter_misc":{"Tiempo de lectura":"4 minutos"},"schema":{"@context":"https:\/\/schema.org","@graph":[{"@type":"WebPage","@id":"https:\/\/aeca-catequetas.es\/index.php\/junta-directiva\/","url":"https:\/\/aeca-catequetas.es\/index.php\/junta-directiva\/","name":"Consejo directivo - Asociaci\u00f3n Espa\u00f1ola de Catequetas","isPartOf":{"@id":"https:\/\/aeca-catequetas.es\/#website"},"datePublished":"2019-11-14T08:33:03+00:00","dateModified":"2025-09-05T09:02:01+00:00","breadcrumb":{"@id":"https:\/\/aeca-catequetas.es\/index.php\/junta-directiva\/#breadcrumb"},"inLanguage":"es","potentialAction":[{"@type":"ReadAction","target":["https:\/\/aeca-catequetas.es\/index.php\/junta-directiva\/"]}]},{"@type":"BreadcrumbList","@id":"https:\/\/aeca-catequetas.es\/index.php\/junta-directiva\/#breadcrumb","itemListElement":[{"@type":"ListItem","position":1,"name":"Home","item":"https:\/\/aeca-catequetas.es\/"},{"@type":"ListItem","position":2,"name":"Consejo directivo"}]},{"@type":"WebSite","@id":"https:\/\/aeca-catequetas.es\/#website","url":"https:\/\/aeca-catequetas.es\/","name":"Asociaci\u00f3n Espa\u00f1ola de Catequetas","description":"Asociaci\u00f3n Espa\u00f1ola de Catequetas","potentialAction":[{"@type":"SearchAction","target":{"@type":"EntryPoint","urlTemplate":"https:\/\/aeca-catequetas.es\/?s={search_term_string}"},"query-input":{"@type":"PropertyValueSpecification","valueRequired":true,"valueName":"search_term_string"}}],"inLanguage":"es"}]}},"_links":{"self":[{"href":"https:\/\/aeca-catequetas.es\/index.php\/wp-json\/wp\/v2\/pages\/67","targetHints":{"allow":["GET"]}}],"collection":[{"href":"https:\/\/aeca-catequetas.es\/index.php\/wp-json\/wp\/v2\/pages"}],"about":[{"href":"https:\/\/aeca-catequetas.es\/index.php\/wp-json\/wp\/v2\/types\/page"}],"author":[{"embeddable":true,"href":"https:\/\/aeca-catequetas.es\/index.php\/wp-json\/wp\/v2\/users\/2"}],"replies":[{"embeddable":true,"href":"https:\/\/aeca-catequetas.es\/index.php\/wp-json\/wp\/v2\/comments?post=67"}],"version-history":[{"count":46,"href":"https:\/\/aeca-catequetas.es\/index.php\/wp-json\/wp\/v2\/pages\/67\/revisions"}],"predecessor-version":[{"id":1730,"href":"https:\/\/aeca-catequetas.es\/index.php\/wp-json\/wp\/v2\/pages\/67\/revisions\/1730"}],"wp:attachment":[{"href":"https:\/\/aeca-catequetas.es\/index.php\/wp-json\/wp\/v2\/media?parent=67"}],"curies":[{"name":"wp","href":"https:\/\/api.w.org\/{rel}","templated":true}]}}