{"id":63,"date":"2019-11-14T09:32:27","date_gmt":"2019-11-14T08:32:27","guid":{"rendered":"https:\/\/aeca.archimadrid.es\/?page_id=63"},"modified":"2024-02-21T19:20:50","modified_gmt":"2024-02-21T18:20:50","slug":"presentacion-de-la-asociacion","status":"publish","type":"page","link":"https:\/\/aeca-catequetas.es\/index.php\/presentacion-de-la-asociacion\/","title":{"rendered":"Presentaci\u00f3n de la Asociaci\u00f3n"},"content":{"rendered":"<p>[et_pb_section fb_built=\u00bb1&#8243; _builder_version=\u00bb4.16&#8243; global_colors_info=\u00bb{}\u00bb][et_pb_row _builder_version=\u00bb4.16&#8243; background_size=\u00bbinitial\u00bb background_position=\u00bbtop_left\u00bb background_repeat=\u00bbrepeat\u00bb global_colors_info=\u00bb{}\u00bb column_structure=\u00bb3_5,2_5&#8243;][et_pb_column type=\u00bb3_5&#8243; _builder_version=\u00bb4.16&#8243; custom_padding=\u00bb|||\u00bb global_colors_info=\u00bb{}\u00bb custom_padding__hover=\u00bb|||\u00bb][et_pb_video _builder_version=\u00bb4.24.2&#8243; _module_preset=\u00bbdefault\u00bb src=\u00bbhttps:\/\/www.youtube.com\/watch?v=3rVKPz31_3o\u00bb hover_enabled=\u00bb0&#8243; sticky_enabled=\u00bb0&#8243;][\/et_pb_video][\/et_pb_column][et_pb_column type=\u00bb2_5&#8243; _builder_version=\u00bb4.16&#8243; custom_padding=\u00bb|||\u00bb global_colors_info=\u00bb{}\u00bb custom_padding__hover=\u00bb|||\u00bb][et_pb_text _builder_version=\u00bb4.24.2&#8243; _module_preset=\u00bbdefault\u00bb hover_enabled=\u00bb0&#8243; sticky_enabled=\u00bb0&#8243;]<\/p>\n<p>La\u00a0<strong>Asociaci\u00f3n Espa\u00f1ola de Catequetas (AECA)<\/strong>\u00a0es una asociaci\u00f3n p\u00fablica de fieles, dotada de personalidad jur\u00eddica p\u00fablica, constituida por Decreto de la Conferencia Episcopal Espa\u00f1ola con un \u00e1mbito territorial que abarca a todas las di\u00f3cesis de Espa\u00f1a. Tambi\u00e9n est\u00e1 inscrita en el Registro de Entidades Religiosas del Ministerio de Justicia del Estado espa\u00f1ol y cuenta con su propia identificaci\u00f3n fiscal. Sus estatutos actuales fueron aprobados por la LXIX Asamblea General de la CEE.<\/p>\n<p>[\/et_pb_text][\/et_pb_column][\/et_pb_row][\/et_pb_section]<\/p>\n","protected":false},"excerpt":{"rendered":"<p>La\u00a0Asociaci\u00f3n Espa\u00f1ola de Catequetas (AECA) es una asociaci\u00f3n p\u00fablica de fieles, dotada de personalidad jur\u00eddica p\u00fablica, constituida por Decreto de la Conferencia Episcopal Espa\u00f1ola con un \u00e1mbito territorial que abarca a todas las di\u00f3cesis de Espa\u00f1a. Tambi\u00e9n est\u00e1 inscrita en el Registro de Entidades Religiosas del Ministerio de Justicia del Estado espa\u00f1ol y cuenta con su propia identificaci\u00f3n fiscal. Sus estatutos actuales fueron aprobados por la LXIX Asamblea General de la CEE.<\/p>\n<p>Presentaci\u00f3n AECA en PDF: PRESENTACIO\u0301N AECA<\/p>\n","protected":false},"author":2,"featured_media":104,"parent":0,"menu_order":0,"comment_status":"closed","ping_status":"closed","template":"","meta":{"_et_pb_use_builder":"on","_et_pb_old_content":"<p>\u00a0<\/p>\r\n<p>La <strong>Asociaci\u00f3n Espa\u00f1ola de Catequetas (AECA)<\/strong> es una asociaci\u00f3n p\u00fablica de fieles, dotada de personalidad jur\u00eddica p\u00fablica, constituida por Decreto de la Conferencia Episcopal Espa\u00f1ola con un \u00e1mbito territorial que abarca a todas las di\u00f3cesis de Espa\u00f1a. Tambi\u00e9n est\u00e1 inscrita en el Registro de Entidades Religiosas del Ministerio de Justicia del Estado espa\u00f1ol y cuenta con su propia identificaci\u00f3n fiscal. Sus estatutos actuales fueron aprobados por la LXIX Asamblea General de la CEE.<\/p>\r\n<!-- wp:divi\/placeholder \/-->","_et_gb_content_width":"","footnotes":""},"class_list":["post-63","page","type-page","status-publish","has-post-thumbnail","hentry"],"yoast_head":"<!-- This site is optimized with the Yoast SEO plugin v27.3 - https:\/\/yoast.com\/product\/yoast-seo-wordpress\/ -->\n<title>Presentaci\u00f3n de la Asociaci\u00f3n - Asociaci\u00f3n Espa\u00f1ola de Catequetas<\/title>\n<meta name=\"robots\" content=\"index, follow, max-snippet:-1, max-image-preview:large, max-video-preview:-1\" \/>\n<link rel=\"canonical\" href=\"https:\/\/aeca-catequetas.es\/index.php\/presentacion-de-la-asociacion\/\" \/>\n<meta property=\"og:locale\" content=\"es_ES\" \/>\n<meta property=\"og:type\" content=\"article\" \/>\n<meta property=\"og:title\" content=\"Presentaci\u00f3n de la Asociaci\u00f3n - Asociaci\u00f3n Espa\u00f1ola de Catequetas\" \/>\n<meta property=\"og:description\" content=\"La\u00a0Asociaci\u00f3n Espa\u00f1ola de Catequetas (AECA) es una asociaci\u00f3n p\u00fablica de fieles, dotada de personalidad jur\u00eddica p\u00fablica, constituida por Decreto de la Conferencia Episcopal Espa\u00f1ola con un \u00e1mbito territorial que abarca a todas las di\u00f3cesis de Espa\u00f1a. Tambi\u00e9n est\u00e1 inscrita en el Registro de Entidades Religiosas del Ministerio de Justicia del Estado espa\u00f1ol y cuenta con su propia identificaci\u00f3n fiscal. Sus estatutos actuales fueron aprobados por la LXIX Asamblea General de la CEE.  Presentaci\u00f3n AECA en PDF: PRESENTACIO\u0301N AECA\" \/>\n<meta property=\"og:url\" content=\"https:\/\/aeca-catequetas.es\/index.php\/presentacion-de-la-asociacion\/\" \/>\n<meta property=\"og:site_name\" content=\"Asociaci\u00f3n Espa\u00f1ola de Catequetas\" \/>\n<meta property=\"article:modified_time\" content=\"2024-02-21T18:20:50+00:00\" \/>\n<meta property=\"og:image\" content=\"https:\/\/aeca-catequetas.es\/wp-content\/uploads\/2019\/11\/Logo_AECA_bg.jpg\" \/>\n\t<meta property=\"og:image:width\" content=\"800\" \/>\n\t<meta property=\"og:image:height\" content=\"359\" \/>\n\t<meta property=\"og:image:type\" content=\"image\/jpeg\" \/>\n<meta name=\"twitter:card\" content=\"summary_large_image\" \/>\n<meta name=\"twitter:label1\" content=\"Tiempo de lectura\" \/>\n\t<meta name=\"twitter:data1\" content=\"1 minuto\" \/>\n<script type=\"application\/ld+json\" class=\"yoast-schema-graph\">{\"@context\":\"https:\\\/\\\/schema.org\",\"@graph\":[{\"@type\":\"WebPage\",\"@id\":\"https:\\\/\\\/aeca-catequetas.es\\\/index.php\\\/presentacion-de-la-asociacion\\\/\",\"url\":\"https:\\\/\\\/aeca-catequetas.es\\\/index.php\\\/presentacion-de-la-asociacion\\\/\",\"name\":\"Presentaci\u00f3n de la Asociaci\u00f3n - Asociaci\u00f3n Espa\u00f1ola de Catequetas\",\"isPartOf\":{\"@id\":\"https:\\\/\\\/aeca-catequetas.es\\\/#website\"},\"primaryImageOfPage\":{\"@id\":\"https:\\\/\\\/aeca-catequetas.es\\\/index.php\\\/presentacion-de-la-asociacion\\\/#primaryimage\"},\"image\":{\"@id\":\"https:\\\/\\\/aeca-catequetas.es\\\/index.php\\\/presentacion-de-la-asociacion\\\/#primaryimage\"},\"thumbnailUrl\":\"https:\\\/\\\/aeca-catequetas.es\\\/wp-content\\\/uploads\\\/2019\\\/11\\\/Logo_AECA_bg.jpg\",\"datePublished\":\"2019-11-14T08:32:27+00:00\",\"dateModified\":\"2024-02-21T18:20:50+00:00\",\"breadcrumb\":{\"@id\":\"https:\\\/\\\/aeca-catequetas.es\\\/index.php\\\/presentacion-de-la-asociacion\\\/#breadcrumb\"},\"inLanguage\":\"es\",\"potentialAction\":[{\"@type\":\"ReadAction\",\"target\":[\"https:\\\/\\\/aeca-catequetas.es\\\/index.php\\\/presentacion-de-la-asociacion\\\/\"]}]},{\"@type\":\"ImageObject\",\"inLanguage\":\"es\",\"@id\":\"https:\\\/\\\/aeca-catequetas.es\\\/index.php\\\/presentacion-de-la-asociacion\\\/#primaryimage\",\"url\":\"https:\\\/\\\/aeca-catequetas.es\\\/wp-content\\\/uploads\\\/2019\\\/11\\\/Logo_AECA_bg.jpg\",\"contentUrl\":\"https:\\\/\\\/aeca-catequetas.es\\\/wp-content\\\/uploads\\\/2019\\\/11\\\/Logo_AECA_bg.jpg\",\"width\":800,\"height\":359},{\"@type\":\"BreadcrumbList\",\"@id\":\"https:\\\/\\\/aeca-catequetas.es\\\/index.php\\\/presentacion-de-la-asociacion\\\/#breadcrumb\",\"itemListElement\":[{\"@type\":\"ListItem\",\"position\":1,\"name\":\"Home\",\"item\":\"https:\\\/\\\/aeca-catequetas.es\\\/\"},{\"@type\":\"ListItem\",\"position\":2,\"name\":\"Presentaci\u00f3n de la Asociaci\u00f3n\"}]},{\"@type\":\"WebSite\",\"@id\":\"https:\\\/\\\/aeca-catequetas.es\\\/#website\",\"url\":\"https:\\\/\\\/aeca-catequetas.es\\\/\",\"name\":\"Asociaci\u00f3n Espa\u00f1ola de Catequetas\",\"description\":\"Asociaci\u00f3n Espa\u00f1ola de Catequetas\",\"potentialAction\":[{\"@type\":\"SearchAction\",\"target\":{\"@type\":\"EntryPoint\",\"urlTemplate\":\"https:\\\/\\\/aeca-catequetas.es\\\/?s={search_term_string}\"},\"query-input\":{\"@type\":\"PropertyValueSpecification\",\"valueRequired\":true,\"valueName\":\"search_term_string\"}}],\"inLanguage\":\"es\"}]}<\/script>\n<!-- \/ Yoast SEO plugin. -->","yoast_head_json":{"title":"Presentaci\u00f3n de la Asociaci\u00f3n - Asociaci\u00f3n Espa\u00f1ola de Catequetas","robots":{"index":"index","follow":"follow","max-snippet":"max-snippet:-1","max-image-preview":"max-image-preview:large","max-video-preview":"max-video-preview:-1"},"canonical":"https:\/\/aeca-catequetas.es\/index.php\/presentacion-de-la-asociacion\/","og_locale":"es_ES","og_type":"article","og_title":"Presentaci\u00f3n de la Asociaci\u00f3n - Asociaci\u00f3n Espa\u00f1ola de Catequetas","og_description":"La\u00a0Asociaci\u00f3n Espa\u00f1ola de Catequetas (AECA) es una asociaci\u00f3n p\u00fablica de fieles, dotada de personalidad jur\u00eddica p\u00fablica, constituida por Decreto de la Conferencia Episcopal Espa\u00f1ola con un \u00e1mbito territorial que abarca a todas las di\u00f3cesis de Espa\u00f1a. Tambi\u00e9n est\u00e1 inscrita en el Registro de Entidades Religiosas del Ministerio de Justicia del Estado espa\u00f1ol y cuenta con su propia identificaci\u00f3n fiscal. Sus estatutos actuales fueron aprobados por la LXIX Asamblea General de la CEE.  Presentaci\u00f3n AECA en PDF: PRESENTACIO\u0301N AECA","og_url":"https:\/\/aeca-catequetas.es\/index.php\/presentacion-de-la-asociacion\/","og_site_name":"Asociaci\u00f3n Espa\u00f1ola de Catequetas","article_modified_time":"2024-02-21T18:20:50+00:00","og_image":[{"width":800,"height":359,"url":"https:\/\/aeca-catequetas.es\/wp-content\/uploads\/2019\/11\/Logo_AECA_bg.jpg","type":"image\/jpeg"}],"twitter_card":"summary_large_image","twitter_misc":{"Tiempo de lectura":"1 minuto"},"schema":{"@context":"https:\/\/schema.org","@graph":[{"@type":"WebPage","@id":"https:\/\/aeca-catequetas.es\/index.php\/presentacion-de-la-asociacion\/","url":"https:\/\/aeca-catequetas.es\/index.php\/presentacion-de-la-asociacion\/","name":"Presentaci\u00f3n de la Asociaci\u00f3n - Asociaci\u00f3n Espa\u00f1ola de Catequetas","isPartOf":{"@id":"https:\/\/aeca-catequetas.es\/#website"},"primaryImageOfPage":{"@id":"https:\/\/aeca-catequetas.es\/index.php\/presentacion-de-la-asociacion\/#primaryimage"},"image":{"@id":"https:\/\/aeca-catequetas.es\/index.php\/presentacion-de-la-asociacion\/#primaryimage"},"thumbnailUrl":"https:\/\/aeca-catequetas.es\/wp-content\/uploads\/2019\/11\/Logo_AECA_bg.jpg","datePublished":"2019-11-14T08:32:27+00:00","dateModified":"2024-02-21T18:20:50+00:00","breadcrumb":{"@id":"https:\/\/aeca-catequetas.es\/index.php\/presentacion-de-la-asociacion\/#breadcrumb"},"inLanguage":"es","potentialAction":[{"@type":"ReadAction","target":["https:\/\/aeca-catequetas.es\/index.php\/presentacion-de-la-asociacion\/"]}]},{"@type":"ImageObject","inLanguage":"es","@id":"https:\/\/aeca-catequetas.es\/index.php\/presentacion-de-la-asociacion\/#primaryimage","url":"https:\/\/aeca-catequetas.es\/wp-content\/uploads\/2019\/11\/Logo_AECA_bg.jpg","contentUrl":"https:\/\/aeca-catequetas.es\/wp-content\/uploads\/2019\/11\/Logo_AECA_bg.jpg","width":800,"height":359},{"@type":"BreadcrumbList","@id":"https:\/\/aeca-catequetas.es\/index.php\/presentacion-de-la-asociacion\/#breadcrumb","itemListElement":[{"@type":"ListItem","position":1,"name":"Home","item":"https:\/\/aeca-catequetas.es\/"},{"@type":"ListItem","position":2,"name":"Presentaci\u00f3n de la Asociaci\u00f3n"}]},{"@type":"WebSite","@id":"https:\/\/aeca-catequetas.es\/#website","url":"https:\/\/aeca-catequetas.es\/","name":"Asociaci\u00f3n Espa\u00f1ola de Catequetas","description":"Asociaci\u00f3n Espa\u00f1ola de Catequetas","potentialAction":[{"@type":"SearchAction","target":{"@type":"EntryPoint","urlTemplate":"https:\/\/aeca-catequetas.es\/?s={search_term_string}"},"query-input":{"@type":"PropertyValueSpecification","valueRequired":true,"valueName":"search_term_string"}}],"inLanguage":"es"}]}},"_links":{"self":[{"href":"https:\/\/aeca-catequetas.es\/index.php\/wp-json\/wp\/v2\/pages\/63","targetHints":{"allow":["GET"]}}],"collection":[{"href":"https:\/\/aeca-catequetas.es\/index.php\/wp-json\/wp\/v2\/pages"}],"about":[{"href":"https:\/\/aeca-catequetas.es\/index.php\/wp-json\/wp\/v2\/types\/page"}],"author":[{"embeddable":true,"href":"https:\/\/aeca-catequetas.es\/index.php\/wp-json\/wp\/v2\/users\/2"}],"replies":[{"embeddable":true,"href":"https:\/\/aeca-catequetas.es\/index.php\/wp-json\/wp\/v2\/comments?post=63"}],"version-history":[{"count":19,"href":"https:\/\/aeca-catequetas.es\/index.php\/wp-json\/wp\/v2\/pages\/63\/revisions"}],"predecessor-version":[{"id":1218,"href":"https:\/\/aeca-catequetas.es\/index.php\/wp-json\/wp\/v2\/pages\/63\/revisions\/1218"}],"wp:featuredmedia":[{"embeddable":true,"href":"https:\/\/aeca-catequetas.es\/index.php\/wp-json\/wp\/v2\/media\/104"}],"wp:attachment":[{"href":"https:\/\/aeca-catequetas.es\/index.php\/wp-json\/wp\/v2\/media?parent=63"}],"curies":[{"name":"wp","href":"https:\/\/api.w.org\/{rel}","templated":true}]}}