{"id":1332,"date":"2024-02-21T22:18:07","date_gmt":"2024-02-21T21:18:07","guid":{"rendered":"https:\/\/aeca-catequetas.es\/?page_id=1332"},"modified":"2024-02-22T09:39:54","modified_gmt":"2024-02-22T08:39:54","slug":"cuadernos-aeca","status":"publish","type":"page","link":"https:\/\/aeca-catequetas.es\/index.php\/cuadernos-aeca\/","title":{"rendered":"CUADERNOS AECA"},"content":{"rendered":"<p>[et_pb_section fb_built=\u00bb1&#8243; _builder_version=\u00bb4.24.2&#8243; _module_preset=\u00bbdefault\u00bb custom_margin=\u00bb||50px|||\u00bb global_colors_info=\u00bb{}\u00bb][et_pb_row _builder_version=\u00bb4.24.2&#8243; background_size=\u00bbinitial\u00bb background_position=\u00bbtop_left\u00bb background_repeat=\u00bbrepeat\u00bb global_colors_info=\u00bb{}\u00bb][et_pb_column type=\u00bb4_4&#8243; _builder_version=\u00bb4.24.2&#8243; custom_padding=\u00bb|||\u00bb global_colors_info=\u00bb{}\u00bb custom_padding__hover=\u00bb|||\u00bb][et_pb_posts_carousel category_id=\u00bb6&#8243; max_title_characters=\u00bb40&#8243; _builder_version=\u00bb4.24.2&#8243; vertical_offset_tablet=\u00bb0&#8243; horizontal_offset_tablet=\u00bb0&#8243; hover_enabled=\u00bb0&#8243; z_index_tablet=\u00bb0&#8243; header_text_shadow_horizontal_length=\u00bbheader_text_shadow_style,%91object Object%93&#8243; header_text_shadow_vertical_length=\u00bbheader_text_shadow_style,%91object Object%93&#8243; header_text_shadow_blur_strength=\u00bbheader_text_shadow_style,%91object Object%93&#8243; header_text_shadow_horizontal_length_tablet=\u00bb0px\u00bb header_text_shadow_vertical_length_tablet=\u00bb0px\u00bb header_text_shadow_blur_strength_tablet=\u00bb1px\u00bb subheader_text_shadow_horizontal_length=\u00bbsubheader_text_shadow_style,%91object Object%93&#8243; subheader_text_shadow_vertical_length=\u00bbsubheader_text_shadow_style,%91object Object%93&#8243; subheader_text_shadow_blur_strength=\u00bbsubheader_text_shadow_style,%91object Object%93&#8243; subheader_text_shadow_horizontal_length_tablet=\u00bb0px\u00bb subheader_text_shadow_vertical_length_tablet=\u00bb0px\u00bb subheader_text_shadow_blur_strength_tablet=\u00bb1px\u00bb title_text_shadow_horizontal_length=\u00bbtitle_text_shadow_style,%91object Object%93&#8243; title_text_shadow_vertical_length=\u00bbtitle_text_shadow_style,%91object Object%93&#8243; title_text_shadow_blur_strength=\u00bbtitle_text_shadow_style,%91object Object%93&#8243; title_text_shadow_horizontal_length_tablet=\u00bb0px\u00bb title_text_shadow_vertical_length_tablet=\u00bb0px\u00bb title_text_shadow_blur_strength_tablet=\u00bb1px\u00bb meta_text_shadow_horizontal_length=\u00bbmeta_text_shadow_style,%91object Object%93&#8243; meta_text_shadow_vertical_length=\u00bbmeta_text_shadow_style,%91object Object%93&#8243; meta_text_shadow_blur_strength=\u00bbmeta_text_shadow_style,%91object Object%93&#8243; meta_text_shadow_horizontal_length_tablet=\u00bb0px\u00bb meta_text_shadow_vertical_length_tablet=\u00bb0px\u00bb meta_text_shadow_blur_strength_tablet=\u00bb1px\u00bb box_shadow_horizontal_tablet=\u00bb0px\u00bb box_shadow_vertical_tablet=\u00bb0px\u00bb box_shadow_blur_tablet=\u00bb40px\u00bb box_shadow_spread_tablet=\u00bb0px\u00bb global_colors_info=\u00bb{}\u00bb][\/et_pb_posts_carousel][\/et_pb_column][\/et_pb_row][et_pb_row _builder_version=\u00bb4.24.2&#8243; _module_preset=\u00bbdefault\u00bb custom_margin=\u00bb|auto|-4px|auto||\u00bb global_colors_info=\u00bb{}\u00bb][et_pb_column type=\u00bb4_4&#8243; _builder_version=\u00bb4.24.2&#8243; _module_preset=\u00bbdefault\u00bb global_colors_info=\u00bb{}\u00bb][et_pb_blog _builder_version=\u00bb4.24.2&#8243; _module_preset=\u00bbdefault\u00bb posts_number=\u00bb20&#8243; include_categories=\u00bb6&#8243; use_manual_excerpt=\u00bboff\u00bb show_author=\u00bboff\u00bb show_date=\u00bboff\u00bb show_categories=\u00bboff\u00bb show_excerpt=\u00bboff\u00bb show_pagination=\u00bboff\u00bb hover_enabled=\u00bb0&#8243; sticky_enabled=\u00bb0&#8243;][\/et_pb_blog][\/et_pb_column][\/et_pb_row][\/et_pb_section]<\/p>\n","protected":false},"excerpt":{"rendered":"","protected":false},"author":5,"featured_media":0,"parent":0,"menu_order":0,"comment_status":"closed","ping_status":"closed","template":"","meta":{"_et_pb_use_builder":"on","_et_pb_old_content":"","_et_gb_content_width":"","footnotes":""},"class_list":["post-1332","page","type-page","status-publish","hentry"],"yoast_head":"<!-- This site is optimized with the Yoast SEO plugin v27.3 - https:\/\/yoast.com\/product\/yoast-seo-wordpress\/ -->\n<title>CUADERNOS AECA - Asociaci\u00f3n Espa\u00f1ola de Catequetas<\/title>\n<meta name=\"robots\" content=\"index, follow, max-snippet:-1, max-image-preview:large, max-video-preview:-1\" \/>\n<link rel=\"canonical\" href=\"https:\/\/aeca-catequetas.es\/index.php\/cuadernos-aeca\/\" \/>\n<meta property=\"og:locale\" content=\"es_ES\" \/>\n<meta property=\"og:type\" content=\"article\" \/>\n<meta property=\"og:title\" content=\"CUADERNOS AECA - Asociaci\u00f3n Espa\u00f1ola de Catequetas\" \/>\n<meta property=\"og:url\" content=\"https:\/\/aeca-catequetas.es\/index.php\/cuadernos-aeca\/\" \/>\n<meta property=\"og:site_name\" content=\"Asociaci\u00f3n Espa\u00f1ola de Catequetas\" \/>\n<meta property=\"article:modified_time\" content=\"2024-02-22T08:39:54+00:00\" \/>\n<meta name=\"twitter:card\" content=\"summary_large_image\" \/>\n<meta name=\"twitter:label1\" content=\"Tiempo de lectura\" \/>\n\t<meta name=\"twitter:data1\" content=\"15 minutos\" \/>\n<script type=\"application\/ld+json\" class=\"yoast-schema-graph\">{\"@context\":\"https:\\\/\\\/schema.org\",\"@graph\":[{\"@type\":\"WebPage\",\"@id\":\"https:\\\/\\\/aeca-catequetas.es\\\/index.php\\\/cuadernos-aeca\\\/\",\"url\":\"https:\\\/\\\/aeca-catequetas.es\\\/index.php\\\/cuadernos-aeca\\\/\",\"name\":\"CUADERNOS AECA - Asociaci\u00f3n Espa\u00f1ola de Catequetas\",\"isPartOf\":{\"@id\":\"https:\\\/\\\/aeca-catequetas.es\\\/#website\"},\"datePublished\":\"2024-02-21T21:18:07+00:00\",\"dateModified\":\"2024-02-22T08:39:54+00:00\",\"breadcrumb\":{\"@id\":\"https:\\\/\\\/aeca-catequetas.es\\\/index.php\\\/cuadernos-aeca\\\/#breadcrumb\"},\"inLanguage\":\"es\",\"potentialAction\":[{\"@type\":\"ReadAction\",\"target\":[\"https:\\\/\\\/aeca-catequetas.es\\\/index.php\\\/cuadernos-aeca\\\/\"]}]},{\"@type\":\"BreadcrumbList\",\"@id\":\"https:\\\/\\\/aeca-catequetas.es\\\/index.php\\\/cuadernos-aeca\\\/#breadcrumb\",\"itemListElement\":[{\"@type\":\"ListItem\",\"position\":1,\"name\":\"Home\",\"item\":\"https:\\\/\\\/aeca-catequetas.es\\\/\"},{\"@type\":\"ListItem\",\"position\":2,\"name\":\"CUADERNOS AECA\"}]},{\"@type\":\"WebSite\",\"@id\":\"https:\\\/\\\/aeca-catequetas.es\\\/#website\",\"url\":\"https:\\\/\\\/aeca-catequetas.es\\\/\",\"name\":\"Asociaci\u00f3n Espa\u00f1ola de Catequetas\",\"description\":\"Asociaci\u00f3n Espa\u00f1ola de Catequetas\",\"potentialAction\":[{\"@type\":\"SearchAction\",\"target\":{\"@type\":\"EntryPoint\",\"urlTemplate\":\"https:\\\/\\\/aeca-catequetas.es\\\/?s={search_term_string}\"},\"query-input\":{\"@type\":\"PropertyValueSpecification\",\"valueRequired\":true,\"valueName\":\"search_term_string\"}}],\"inLanguage\":\"es\"}]}<\/script>\n<!-- \/ Yoast SEO plugin. -->","yoast_head_json":{"title":"CUADERNOS AECA - Asociaci\u00f3n Espa\u00f1ola de Catequetas","robots":{"index":"index","follow":"follow","max-snippet":"max-snippet:-1","max-image-preview":"max-image-preview:large","max-video-preview":"max-video-preview:-1"},"canonical":"https:\/\/aeca-catequetas.es\/index.php\/cuadernos-aeca\/","og_locale":"es_ES","og_type":"article","og_title":"CUADERNOS AECA - Asociaci\u00f3n Espa\u00f1ola de Catequetas","og_url":"https:\/\/aeca-catequetas.es\/index.php\/cuadernos-aeca\/","og_site_name":"Asociaci\u00f3n Espa\u00f1ola de Catequetas","article_modified_time":"2024-02-22T08:39:54+00:00","twitter_card":"summary_large_image","twitter_misc":{"Tiempo de lectura":"15 minutos"},"schema":{"@context":"https:\/\/schema.org","@graph":[{"@type":"WebPage","@id":"https:\/\/aeca-catequetas.es\/index.php\/cuadernos-aeca\/","url":"https:\/\/aeca-catequetas.es\/index.php\/cuadernos-aeca\/","name":"CUADERNOS AECA - Asociaci\u00f3n Espa\u00f1ola de Catequetas","isPartOf":{"@id":"https:\/\/aeca-catequetas.es\/#website"},"datePublished":"2024-02-21T21:18:07+00:00","dateModified":"2024-02-22T08:39:54+00:00","breadcrumb":{"@id":"https:\/\/aeca-catequetas.es\/index.php\/cuadernos-aeca\/#breadcrumb"},"inLanguage":"es","potentialAction":[{"@type":"ReadAction","target":["https:\/\/aeca-catequetas.es\/index.php\/cuadernos-aeca\/"]}]},{"@type":"BreadcrumbList","@id":"https:\/\/aeca-catequetas.es\/index.php\/cuadernos-aeca\/#breadcrumb","itemListElement":[{"@type":"ListItem","position":1,"name":"Home","item":"https:\/\/aeca-catequetas.es\/"},{"@type":"ListItem","position":2,"name":"CUADERNOS AECA"}]},{"@type":"WebSite","@id":"https:\/\/aeca-catequetas.es\/#website","url":"https:\/\/aeca-catequetas.es\/","name":"Asociaci\u00f3n Espa\u00f1ola de Catequetas","description":"Asociaci\u00f3n Espa\u00f1ola de Catequetas","potentialAction":[{"@type":"SearchAction","target":{"@type":"EntryPoint","urlTemplate":"https:\/\/aeca-catequetas.es\/?s={search_term_string}"},"query-input":{"@type":"PropertyValueSpecification","valueRequired":true,"valueName":"search_term_string"}}],"inLanguage":"es"}]}},"_links":{"self":[{"href":"https:\/\/aeca-catequetas.es\/index.php\/wp-json\/wp\/v2\/pages\/1332","targetHints":{"allow":["GET"]}}],"collection":[{"href":"https:\/\/aeca-catequetas.es\/index.php\/wp-json\/wp\/v2\/pages"}],"about":[{"href":"https:\/\/aeca-catequetas.es\/index.php\/wp-json\/wp\/v2\/types\/page"}],"author":[{"embeddable":true,"href":"https:\/\/aeca-catequetas.es\/index.php\/wp-json\/wp\/v2\/users\/5"}],"replies":[{"embeddable":true,"href":"https:\/\/aeca-catequetas.es\/index.php\/wp-json\/wp\/v2\/comments?post=1332"}],"version-history":[{"count":17,"href":"https:\/\/aeca-catequetas.es\/index.php\/wp-json\/wp\/v2\/pages\/1332\/revisions"}],"predecessor-version":[{"id":1470,"href":"https:\/\/aeca-catequetas.es\/index.php\/wp-json\/wp\/v2\/pages\/1332\/revisions\/1470"}],"wp:attachment":[{"href":"https:\/\/aeca-catequetas.es\/index.php\/wp-json\/wp\/v2\/media?parent=1332"}],"curies":[{"name":"wp","href":"https:\/\/api.w.org\/{rel}","templated":true}]}}