{"id":1252,"date":"2024-02-21T19:53:47","date_gmt":"2024-02-21T18:53:47","guid":{"rendered":"https:\/\/aeca-catequetas.es\/?page_id=1252"},"modified":"2025-07-07T11:46:34","modified_gmt":"2025-07-07T09:46:34","slug":"boletines-aeca","status":"publish","type":"page","link":"https:\/\/aeca-catequetas.es\/index.php\/boletines-aeca\/","title":{"rendered":"Boletines AECA"},"content":{"rendered":"<p>[et_pb_section fb_built=\u00bb1&#8243; _builder_version=\u00bb4.24.2&#8243; _module_preset=\u00bbdefault\u00bb global_colors_info=\u00bb{}\u00bb][et_pb_row column_structure=\u00bb3_5,2_5&#8243; _builder_version=\u00bb4.24.2&#8243; _module_preset=\u00bbdefault\u00bb global_colors_info=\u00bb{}\u00bb][et_pb_column type=\u00bb3_5&#8243; _builder_version=\u00bb4.24.2&#8243; _module_preset=\u00bbdefault\u00bb global_colors_info=\u00bb{}\u00bb][et_pb_text _builder_version=\u00bb4.24.2&#8243; _module_preset=\u00bbdefault\u00bb global_colors_info=\u00bb{}\u00bb]<\/p>\n<h2>\u00daLTIMO BOLET\u00cdN INFORMATIVO<\/h2>\n<p>[\/et_pb_text][et_pb_image src=\u00bbhttps:\/\/aeca-catequetas.es\/wp-content\/uploads\/2024\/02\/Captura-de-pantalla-2024-02-21-214745.png\u00bb title_text=\u00bbCaptura de pantalla 2024-02-21 214745&#8243; url=\u00bbhttps:\/\/drive.google.com\/file\/d\/1_eec8L3qTtrGXXEn3XCj_Fh8IgBbCITy\/view?usp=sharing\u00bb url_new_window=\u00bbon\u00bb _builder_version=\u00bb4.27.4&#8243; _module_preset=\u00bbdefault\u00bb width=\u00bb72%\u00bb max_width=\u00bb72%\u00bb min_height=\u00bb146.5px\u00bb custom_padding=\u00bb||0px|||\u00bb animation_style=\u00bbbounce\u00bb hover_enabled=\u00bb0&#8243; box_shadow_style=\u00bbpreset2&#8243; global_colors_info=\u00bb{}\u00bb sticky_enabled=\u00bb0&#8243;][\/et_pb_image][\/et_pb_column][et_pb_column type=\u00bb2_5&#8243; _builder_version=\u00bb4.24.2&#8243; _module_preset=\u00bbdefault\u00bb global_colors_info=\u00bb{}\u00bb][et_pb_text admin_label=\u00bbTexto\u00bb _builder_version=\u00bb4.24.2&#8243; _module_preset=\u00bbdefault\u00bb global_colors_info=\u00bb{}\u00bb]<\/p>\n<h2>HIST\u00d3RICO DE BOLETINES<\/h2>\n<p>[\/et_pb_text][et_pb_image src=\u00bbhttps:\/\/aeca-catequetas.es\/wp-content\/uploads\/2024\/02\/images.png\u00bb title_text=\u00bbimages\u00bb url=\u00bbhttps:\/\/drive.google.com\/drive\/folders\/1_P3rj_bknqNGNLvEyLl0mGBYk3red1Lo\u00bb url_new_window=\u00bbon\u00bb _builder_version=\u00bb4.24.2&#8243; _module_preset=\u00bbdefault\u00bb custom_margin=\u00bb||40px|||\u00bb custom_padding=\u00bb|0px||||\u00bb animation_style=\u00bbbounce\u00bb box_shadow_style=\u00bbpreset2&#8243; global_colors_info=\u00bb{}\u00bb][\/et_pb_image][\/et_pb_column][\/et_pb_row][\/et_pb_section]<\/p>\n","protected":false},"excerpt":{"rendered":"<p>\u00daLTIMO BOLET\u00cdN INFORMATIVOHIST\u00d3RICO DE BOLETINES<\/p>\n","protected":false},"author":5,"featured_media":0,"parent":0,"menu_order":0,"comment_status":"closed","ping_status":"closed","template":"","meta":{"_et_pb_use_builder":"on","_et_pb_old_content":"","_et_gb_content_width":"","footnotes":""},"class_list":["post-1252","page","type-page","status-publish","hentry"],"yoast_head":"<!-- This site is optimized with the Yoast SEO plugin v27.4 - https:\/\/yoast.com\/product\/yoast-seo-wordpress\/ -->\n<title>Boletines AECA - Asociaci\u00f3n Espa\u00f1ola de Catequetas<\/title>\n<meta name=\"robots\" content=\"index, follow, max-snippet:-1, max-image-preview:large, max-video-preview:-1\" \/>\n<link rel=\"canonical\" href=\"https:\/\/aeca-catequetas.es\/index.php\/boletines-aeca\/\" \/>\n<meta property=\"og:locale\" content=\"es_ES\" \/>\n<meta property=\"og:type\" content=\"article\" \/>\n<meta property=\"og:title\" content=\"Boletines AECA - Asociaci\u00f3n Espa\u00f1ola de Catequetas\" \/>\n<meta property=\"og:description\" content=\"\u00daLTIMO BOLET\u00cdN INFORMATIVOHIST\u00d3RICO DE BOLETINES\" \/>\n<meta property=\"og:url\" content=\"https:\/\/aeca-catequetas.es\/index.php\/boletines-aeca\/\" \/>\n<meta property=\"og:site_name\" content=\"Asociaci\u00f3n Espa\u00f1ola de Catequetas\" \/>\n<meta property=\"article:modified_time\" content=\"2025-07-07T09:46:34+00:00\" \/>\n<meta name=\"twitter:card\" content=\"summary_large_image\" \/>\n<meta name=\"twitter:label1\" content=\"Tiempo de lectura\" \/>\n\t<meta name=\"twitter:data1\" content=\"1 minuto\" \/>\n<script type=\"application\/ld+json\" class=\"yoast-schema-graph\">{\"@context\":\"https:\\\/\\\/schema.org\",\"@graph\":[{\"@type\":\"WebPage\",\"@id\":\"https:\\\/\\\/aeca-catequetas.es\\\/index.php\\\/boletines-aeca\\\/\",\"url\":\"https:\\\/\\\/aeca-catequetas.es\\\/index.php\\\/boletines-aeca\\\/\",\"name\":\"Boletines AECA - Asociaci\u00f3n Espa\u00f1ola de Catequetas\",\"isPartOf\":{\"@id\":\"https:\\\/\\\/aeca-catequetas.es\\\/#website\"},\"datePublished\":\"2024-02-21T18:53:47+00:00\",\"dateModified\":\"2025-07-07T09:46:34+00:00\",\"breadcrumb\":{\"@id\":\"https:\\\/\\\/aeca-catequetas.es\\\/index.php\\\/boletines-aeca\\\/#breadcrumb\"},\"inLanguage\":\"es\",\"potentialAction\":[{\"@type\":\"ReadAction\",\"target\":[\"https:\\\/\\\/aeca-catequetas.es\\\/index.php\\\/boletines-aeca\\\/\"]}]},{\"@type\":\"BreadcrumbList\",\"@id\":\"https:\\\/\\\/aeca-catequetas.es\\\/index.php\\\/boletines-aeca\\\/#breadcrumb\",\"itemListElement\":[{\"@type\":\"ListItem\",\"position\":1,\"name\":\"Home\",\"item\":\"https:\\\/\\\/aeca-catequetas.es\\\/\"},{\"@type\":\"ListItem\",\"position\":2,\"name\":\"Boletines AECA\"}]},{\"@type\":\"WebSite\",\"@id\":\"https:\\\/\\\/aeca-catequetas.es\\\/#website\",\"url\":\"https:\\\/\\\/aeca-catequetas.es\\\/\",\"name\":\"Asociaci\u00f3n Espa\u00f1ola de Catequetas\",\"description\":\"Asociaci\u00f3n Espa\u00f1ola de Catequetas\",\"potentialAction\":[{\"@type\":\"SearchAction\",\"target\":{\"@type\":\"EntryPoint\",\"urlTemplate\":\"https:\\\/\\\/aeca-catequetas.es\\\/?s={search_term_string}\"},\"query-input\":{\"@type\":\"PropertyValueSpecification\",\"valueRequired\":true,\"valueName\":\"search_term_string\"}}],\"inLanguage\":\"es\"}]}<\/script>\n<!-- \/ Yoast SEO plugin. -->","yoast_head_json":{"title":"Boletines AECA - Asociaci\u00f3n Espa\u00f1ola de Catequetas","robots":{"index":"index","follow":"follow","max-snippet":"max-snippet:-1","max-image-preview":"max-image-preview:large","max-video-preview":"max-video-preview:-1"},"canonical":"https:\/\/aeca-catequetas.es\/index.php\/boletines-aeca\/","og_locale":"es_ES","og_type":"article","og_title":"Boletines AECA - Asociaci\u00f3n Espa\u00f1ola de Catequetas","og_description":"\u00daLTIMO BOLET\u00cdN INFORMATIVOHIST\u00d3RICO DE BOLETINES","og_url":"https:\/\/aeca-catequetas.es\/index.php\/boletines-aeca\/","og_site_name":"Asociaci\u00f3n Espa\u00f1ola de Catequetas","article_modified_time":"2025-07-07T09:46:34+00:00","twitter_card":"summary_large_image","twitter_misc":{"Tiempo de lectura":"1 minuto"},"schema":{"@context":"https:\/\/schema.org","@graph":[{"@type":"WebPage","@id":"https:\/\/aeca-catequetas.es\/index.php\/boletines-aeca\/","url":"https:\/\/aeca-catequetas.es\/index.php\/boletines-aeca\/","name":"Boletines AECA - Asociaci\u00f3n Espa\u00f1ola de Catequetas","isPartOf":{"@id":"https:\/\/aeca-catequetas.es\/#website"},"datePublished":"2024-02-21T18:53:47+00:00","dateModified":"2025-07-07T09:46:34+00:00","breadcrumb":{"@id":"https:\/\/aeca-catequetas.es\/index.php\/boletines-aeca\/#breadcrumb"},"inLanguage":"es","potentialAction":[{"@type":"ReadAction","target":["https:\/\/aeca-catequetas.es\/index.php\/boletines-aeca\/"]}]},{"@type":"BreadcrumbList","@id":"https:\/\/aeca-catequetas.es\/index.php\/boletines-aeca\/#breadcrumb","itemListElement":[{"@type":"ListItem","position":1,"name":"Home","item":"https:\/\/aeca-catequetas.es\/"},{"@type":"ListItem","position":2,"name":"Boletines AECA"}]},{"@type":"WebSite","@id":"https:\/\/aeca-catequetas.es\/#website","url":"https:\/\/aeca-catequetas.es\/","name":"Asociaci\u00f3n Espa\u00f1ola de Catequetas","description":"Asociaci\u00f3n Espa\u00f1ola de Catequetas","potentialAction":[{"@type":"SearchAction","target":{"@type":"EntryPoint","urlTemplate":"https:\/\/aeca-catequetas.es\/?s={search_term_string}"},"query-input":{"@type":"PropertyValueSpecification","valueRequired":true,"valueName":"search_term_string"}}],"inLanguage":"es"}]}},"_links":{"self":[{"href":"https:\/\/aeca-catequetas.es\/index.php\/wp-json\/wp\/v2\/pages\/1252","targetHints":{"allow":["GET"]}}],"collection":[{"href":"https:\/\/aeca-catequetas.es\/index.php\/wp-json\/wp\/v2\/pages"}],"about":[{"href":"https:\/\/aeca-catequetas.es\/index.php\/wp-json\/wp\/v2\/types\/page"}],"author":[{"embeddable":true,"href":"https:\/\/aeca-catequetas.es\/index.php\/wp-json\/wp\/v2\/users\/5"}],"replies":[{"embeddable":true,"href":"https:\/\/aeca-catequetas.es\/index.php\/wp-json\/wp\/v2\/comments?post=1252"}],"version-history":[{"count":22,"href":"https:\/\/aeca-catequetas.es\/index.php\/wp-json\/wp\/v2\/pages\/1252\/revisions"}],"predecessor-version":[{"id":1683,"href":"https:\/\/aeca-catequetas.es\/index.php\/wp-json\/wp\/v2\/pages\/1252\/revisions\/1683"}],"wp:attachment":[{"href":"https:\/\/aeca-catequetas.es\/index.php\/wp-json\/wp\/v2\/media?parent=1252"}],"curies":[{"name":"wp","href":"https:\/\/api.w.org\/{rel}","templated":true}]}}